{"id":3688,"date":"2021-03-29T15:21:08","date_gmt":"2021-03-29T15:21:08","guid":{"rendered":"http:\/\/rsacervodecor.com.br\/?post_type=product&#038;p=3688"},"modified":"2023-10-25T20:56:26","modified_gmt":"2023-10-25T20:56:26","slug":"comoda-verde-rustica","status":"publish","type":"product","link":"https:\/\/rsacervodecor.com.br\/index.php\/product\/comoda-verde-rustica\/","title":{"rendered":"C\u00d4MODA VERDE R\u00daSTICA"},"content":{"rendered":"<p>C\u00d4MODA COM GAVETAS E PORTAS COM PRATELEIRAS<\/p>\n","protected":false},"excerpt":{"rendered":"<p>C\u00d4MODA COM GAVETAS E PORTAS COM PRATELEIRAS<\/p>\n","protected":false},"featured_media":4374,"template":"","meta":{"_joinchat":[]},"product_cat":[53],"product_tag":[],"_links":{"self":[{"href":"https:\/\/rsacervodecor.com.br\/index.php\/wp-json\/wp\/v2\/product\/3688"}],"collection":[{"href":"https:\/\/rsacervodecor.com.br\/index.php\/wp-json\/wp\/v2\/product"}],"about":[{"href":"https:\/\/rsacervodecor.com.br\/index.php\/wp-json\/wp\/v2\/types\/product"}],"wp:featuredmedia":[{"embeddable":true,"href":"https:\/\/rsacervodecor.com.br\/index.php\/wp-json\/wp\/v2\/media\/4374"}],"wp:attachment":[{"href":"https:\/\/rsacervodecor.com.br\/index.php\/wp-json\/wp\/v2\/media?parent=3688"}],"wp:term":[{"taxonomy":"product_cat","embeddable":true,"href":"https:\/\/rsacervodecor.com.br\/index.php\/wp-json\/wp\/v2\/product_cat?post=3688"},{"taxonomy":"product_tag","embeddable":true,"href":"https:\/\/rsacervodecor.com.br\/index.php\/wp-json\/wp\/v2\/product_tag?post=3688"}],"curies":[{"name":"wp","href":"https:\/\/api.w.org\/{rel}","templated":true}]}}