{"id":3256,"date":"2020-09-01T14:34:03","date_gmt":"2020-09-01T14:34:03","guid":{"rendered":"http:\/\/rsacervodecor.com.br\/?post_type=product&#038;p=3256"},"modified":"2023-10-24T23:09:54","modified_gmt":"2023-10-24T23:09:54","slug":"mini-kit-moana-adulta","status":"publish","type":"product","link":"https:\/\/rsacervodecor.com.br\/index.php\/product\/mini-kit-moana-adulta\/","title":{"rendered":"MINI KIT &#8211; MOANA ADULTA"},"content":{"rendered":"<p>Nossos MINI KITS por apenas R$ 50,00 (Loca\u00e7\u00e3o)<\/p>\n<p>Novidades em nosso acervo, a RS ACERVO DECOR esta trazendo novidades para aquela mam\u00e3e que far\u00e1 uma decora\u00e7\u00e3o pequena e n\u00e3o quer gastar muito, mas que tenha aquele toque especial de festa.<\/p>\n<div class=\"text_exposed_show\">\n<p>&nbsp;<\/p>\n<\/div>\n","protected":false},"excerpt":{"rendered":"<p>Nossos MINI KITS por apenas R$ 50,00 (Loca\u00e7\u00e3o) Novidades em nosso acervo, a RS ACERVO DECOR esta trazendo novidades para aquela mam\u00e3e que far\u00e1 uma decora\u00e7\u00e3o pequena e n\u00e3o quer gastar muito, mas que tenha aquele toque especial de festa. &nbsp;<\/p>\n","protected":false},"featured_media":3257,"template":"","meta":{"_joinchat":[]},"product_cat":[122],"product_tag":[],"_links":{"self":[{"href":"https:\/\/rsacervodecor.com.br\/index.php\/wp-json\/wp\/v2\/product\/3256"}],"collection":[{"href":"https:\/\/rsacervodecor.com.br\/index.php\/wp-json\/wp\/v2\/product"}],"about":[{"href":"https:\/\/rsacervodecor.com.br\/index.php\/wp-json\/wp\/v2\/types\/product"}],"wp:featuredmedia":[{"embeddable":true,"href":"https:\/\/rsacervodecor.com.br\/index.php\/wp-json\/wp\/v2\/media\/3257"}],"wp:attachment":[{"href":"https:\/\/rsacervodecor.com.br\/index.php\/wp-json\/wp\/v2\/media?parent=3256"}],"wp:term":[{"taxonomy":"product_cat","embeddable":true,"href":"https:\/\/rsacervodecor.com.br\/index.php\/wp-json\/wp\/v2\/product_cat?post=3256"},{"taxonomy":"product_tag","embeddable":true,"href":"https:\/\/rsacervodecor.com.br\/index.php\/wp-json\/wp\/v2\/product_tag?post=3256"}],"curies":[{"name":"wp","href":"https:\/\/api.w.org\/{rel}","templated":true}]}}