{"id":2928,"date":"2020-06-28T23:51:36","date_gmt":"2020-06-28T23:51:36","guid":{"rendered":"http:\/\/rsacervodecor.com.br\/?post_type=product&#038;p=2928"},"modified":"2023-10-26T16:29:49","modified_gmt":"2023-10-26T16:29:49","slug":"mini-kit-sereia","status":"publish","type":"product","link":"https:\/\/rsacervodecor.com.br\/index.php\/product\/mini-kit-sereia\/","title":{"rendered":"MINI KIT &#8211; SEREIA"},"content":{"rendered":"<p>Nossos MINI KITS por apenas R$ 50,00 (Loca\u00e7\u00e3o)<\/p>\n<p>Novidades em nosso acervo, a RS ACERVO DECOR esta trazendo novidades para aquela mam\u00e3e que far\u00e1 uma decora\u00e7\u00e3o pequena e n\u00e3o quer gastar muito, mas que tenha aquele toque especial de festa.<\/p>\n","protected":false},"excerpt":{"rendered":"<p>Nossos MINI KITS por apenas R$ 50,00 (Loca\u00e7\u00e3o) Novidades em nosso acervo, a RS ACERVO DECOR esta trazendo novidades para aquela mam\u00e3e que far\u00e1 uma decora\u00e7\u00e3o pequena e n\u00e3o quer gastar muito, mas que tenha aquele toque especial de festa.<\/p>\n","protected":false},"featured_media":2929,"template":"","meta":{"_joinchat":[]},"product_cat":[122],"product_tag":[],"_links":{"self":[{"href":"https:\/\/rsacervodecor.com.br\/index.php\/wp-json\/wp\/v2\/product\/2928"}],"collection":[{"href":"https:\/\/rsacervodecor.com.br\/index.php\/wp-json\/wp\/v2\/product"}],"about":[{"href":"https:\/\/rsacervodecor.com.br\/index.php\/wp-json\/wp\/v2\/types\/product"}],"wp:featuredmedia":[{"embeddable":true,"href":"https:\/\/rsacervodecor.com.br\/index.php\/wp-json\/wp\/v2\/media\/2929"}],"wp:attachment":[{"href":"https:\/\/rsacervodecor.com.br\/index.php\/wp-json\/wp\/v2\/media?parent=2928"}],"wp:term":[{"taxonomy":"product_cat","embeddable":true,"href":"https:\/\/rsacervodecor.com.br\/index.php\/wp-json\/wp\/v2\/product_cat?post=2928"},{"taxonomy":"product_tag","embeddable":true,"href":"https:\/\/rsacervodecor.com.br\/index.php\/wp-json\/wp\/v2\/product_tag?post=2928"}],"curies":[{"name":"wp","href":"https:\/\/api.w.org\/{rel}","templated":true}]}}