{"id":2888,"date":"2020-06-28T22:27:28","date_gmt":"2020-06-28T22:27:28","guid":{"rendered":"http:\/\/rsacervodecor.com.br\/?post_type=product&#038;p=2888"},"modified":"2023-10-26T19:05:35","modified_gmt":"2023-10-26T19:05:35","slug":"mini-kit-baby-shark","status":"publish","type":"product","link":"https:\/\/rsacervodecor.com.br\/index.php\/product\/mini-kit-baby-shark\/","title":{"rendered":"MINI KIT &#8211; BABY SHARK"},"content":{"rendered":"<p>Nossos MINI KITS por apenas R$ 50,00 (Loca\u00e7\u00e3o)<\/p>\n<p>Novidades em nosso acervo, a RS ACERVO DECOR esta trazendo novidades para aquela mam\u00e3e que far\u00e1 uma decora\u00e7\u00e3o pequena e n\u00e3o quer gastar muito, mas que tenha aquele toque especial de festa.<\/p>\n<div class=\"text_exposed_show\">\n<p>&nbsp;<\/p>\n<\/div>\n","protected":false},"excerpt":{"rendered":"<p>Nossos MINI KITS por apenas R$ 50,00 (Loca\u00e7\u00e3o) Novidades em nosso acervo, a RS ACERVO DECOR esta trazendo novidades para aquela mam\u00e3e que far\u00e1 uma decora\u00e7\u00e3o pequena e n\u00e3o quer gastar muito, mas que tenha aquele toque especial de festa. &nbsp;<\/p>\n","protected":false},"featured_media":3436,"template":"","meta":{"_joinchat":[]},"product_cat":[122],"product_tag":[],"_links":{"self":[{"href":"https:\/\/rsacervodecor.com.br\/index.php\/wp-json\/wp\/v2\/product\/2888"}],"collection":[{"href":"https:\/\/rsacervodecor.com.br\/index.php\/wp-json\/wp\/v2\/product"}],"about":[{"href":"https:\/\/rsacervodecor.com.br\/index.php\/wp-json\/wp\/v2\/types\/product"}],"wp:featuredmedia":[{"embeddable":true,"href":"https:\/\/rsacervodecor.com.br\/index.php\/wp-json\/wp\/v2\/media\/3436"}],"wp:attachment":[{"href":"https:\/\/rsacervodecor.com.br\/index.php\/wp-json\/wp\/v2\/media?parent=2888"}],"wp:term":[{"taxonomy":"product_cat","embeddable":true,"href":"https:\/\/rsacervodecor.com.br\/index.php\/wp-json\/wp\/v2\/product_cat?post=2888"},{"taxonomy":"product_tag","embeddable":true,"href":"https:\/\/rsacervodecor.com.br\/index.php\/wp-json\/wp\/v2\/product_tag?post=2888"}],"curies":[{"name":"wp","href":"https:\/\/api.w.org\/{rel}","templated":true}]}}