{"id":257,"date":"2020-03-02T17:06:44","date_gmt":"2020-03-02T17:06:44","guid":{"rendered":"http:\/\/rsacervodecor.com.br\/?post_type=product&#038;p=257"},"modified":"2023-10-27T03:11:37","modified_gmt":"2023-10-27T03:11:37","slug":"xicara-de-poa-branco","status":"publish","type":"product","link":"https:\/\/rsacervodecor.com.br\/index.php\/product\/xicara-de-poa-branco\/","title":{"rendered":"X\u00cdCARA DE POA BRANCO COM VERMELHO"},"content":{"rendered":"<p>X\u00cdCARA DE ALUM\u00cdNIO<\/p>\n<p>COR: BRANCO COM VERMELHO<\/p>\n","protected":false},"excerpt":{"rendered":"<p>X\u00cdCARA DE ALUM\u00cdNIO COR: BRANCO COM VERMELHO<\/p>\n","protected":false},"featured_media":258,"template":"","meta":{"_joinchat":[]},"product_cat":[35],"product_tag":[81],"_links":{"self":[{"href":"https:\/\/rsacervodecor.com.br\/index.php\/wp-json\/wp\/v2\/product\/257"}],"collection":[{"href":"https:\/\/rsacervodecor.com.br\/index.php\/wp-json\/wp\/v2\/product"}],"about":[{"href":"https:\/\/rsacervodecor.com.br\/index.php\/wp-json\/wp\/v2\/types\/product"}],"wp:featuredmedia":[{"embeddable":true,"href":"https:\/\/rsacervodecor.com.br\/index.php\/wp-json\/wp\/v2\/media\/258"}],"wp:attachment":[{"href":"https:\/\/rsacervodecor.com.br\/index.php\/wp-json\/wp\/v2\/media?parent=257"}],"wp:term":[{"taxonomy":"product_cat","embeddable":true,"href":"https:\/\/rsacervodecor.com.br\/index.php\/wp-json\/wp\/v2\/product_cat?post=257"},{"taxonomy":"product_tag","embeddable":true,"href":"https:\/\/rsacervodecor.com.br\/index.php\/wp-json\/wp\/v2\/product_tag?post=257"}],"curies":[{"name":"wp","href":"https:\/\/api.w.org\/{rel}","templated":true}]}}